{"id":85,"date":"2024-10-15T03:30:19","date_gmt":"2024-10-15T03:30:19","guid":{"rendered":"http:\/\/dev.aduku.fr\/?page_id=85"},"modified":"2025-03-09T19:10:09","modified_gmt":"2025-03-09T19:10:09","slug":"contact","status":"publish","type":"page","link":"https:\/\/www.aduku.fr\/en\/contact\/","title":{"rendered":"Contact"},"content":{"rendered":"<div data-elementor-type=\"wp-page\" data-elementor-id=\"85\" class=\"elementor elementor-85\">\n\t\t\t\t<div class=\"elementor-element elementor-element-5c5dd39 e-flex e-con-boxed e-con e-parent\" data-id=\"5c5dd39\" data-element_type=\"container\">\n\t\t\t\t\t<div class=\"e-con-inner\">\n\t\t<div class=\"elementor-element elementor-element-65c6abf e-con-full e-flex e-con e-child\" data-id=\"65c6abf\" data-element_type=\"container\">\n\t\t \t\t<div class=\"elementor-element elementor-element-9bcd794 subtitle-position-above elementor-mobile-align-center elementor-widget__width-initial elementor-tablet-align-left elementor-widget-mobile__width-inherit elementor-mobile_extra-align-left show-dots-yes sub-title-gradient-yes elementor-widget-mobile_extra__width-inherit elementor-widget elementor-widget-neotech-heading\" data-id=\"9bcd794\" data-element_type=\"widget\" data-widget_type=\"neotech-heading.default\">\n\t\t\t\t<div class=\"elementor-widget-container\">\n\t\t\t\t\t<div class=\"elementor-heading-wrapper-inner\"><h2 class=\"elementor-heading-title elementor-size-default\">Creating High-Performance Digital Experiences<\/h2><div class=\"elementor-sub-title\"><span>Let\u2019s Connect!<\/span><\/div><\/div>\t\t\t\t<\/div>\n\t\t\t\t<\/div>\n\t\t\t\t<div class=\"elementor-element elementor-element-2b83b1a elementor-widget__width-initial elementor-widget-mobile_extra__width-inherit elementor-widget elementor-widget-text-editor\" data-id=\"2b83b1a\" data-element_type=\"widget\" data-widget_type=\"text-editor.default\">\n\t\t\t\t<div class=\"elementor-widget-container\">\n\t\t\t\t\t\t\t\t\t<p>\u00a0Explore our customized services designed to deliver a modern and secure digital experience.<\/p>\t\t\t\t\t\t\t\t<\/div>\n\t\t\t\t<\/div>\n\t\t\t\t<div class=\"elementor-element elementor-element-6e36d7b elementor-position-left show-icon-line-gradient-color-yes elementor-view-default elementor-mobile-position-top elementor-vertical-align-top elementor-widget elementor-widget-icon-box\" data-id=\"6e36d7b\" data-element_type=\"widget\" data-widget_type=\"icon-box.default\">\n\t\t\t\t<div class=\"elementor-widget-container\">\n\t\t\t\t\t    \t\t<div class=\"elementor-icon-box-wrapper\">\n    \t\t\t    \t\t\t<div class=\"elementor-icon-box-icon\">\n    \t\t\t\t<a class=\"elementor-icon elementor-animation-grow\" href=\"https:\/\/www.google.com\/maps\/place\/31+Cr+des+Juilliottes,+94700+Maisons-Alfort,+France\/@48.8035324,2.441648,17z\/data=!3m1!4b1!4m6!3m5!1s0x47e673302c8c3faf:0x2077330de5be81df!8m2!3d48.8035289!4d2.4442229!16s%2Fg%2F11cskvjjhp?entry=ttu&#038;g_ep=EgoyMDI1MDMwNC4wIKXMDSoASAFQAw%3D%3D\">\n    \t\t\t\t<i aria-hidden=\"true\" class=\"neotech-icon- neotech-icon-map-location\"><\/i>\n\n\n\n    \t\t\t\t<\/a>\n\n    \t\t\t<\/div>\n    \t\t\t    \t\t\t<div class=\"elementor-icon-box-content\">\n    \t\t\t\t<h3 class=\"elementor-icon-box-title\">\n    \t\t\t\t\t<a href=\"https:\/\/www.google.com\/maps\/place\/31+Cr+des+Juilliottes,+94700+Maisons-Alfort,+France\/@48.8035324,2.441648,17z\/data=!3m1!4b1!4m6!3m5!1s0x47e673302c8c3faf:0x2077330de5be81df!8m2!3d48.8035289!4d2.4442229!16s%2Fg%2F11cskvjjhp?entry=ttu&#038;g_ep=EgoyMDI1MDMwNC4wIKXMDSoASAFQAw%3D%3D\" >\n    \t\t\t\t\t\tLocation    \t\t\t\t\t<\/a>\n    \t\t\t\t<\/h3>\n    \t\t\t\t    \t\t\t\t\t<p class=\"elementor-icon-box-description\">\n    \t\t\t\t\t\t31 Cours des Juilliottes, 94700 Maisons-Alfort, France    \t\t\t\t\t<\/p>\n    \t\t\t\t    \t\t\t<\/div>\n\n    \t\t<\/div>\n    \t\t\t\t\t\t<\/div>\n\t\t\t\t<\/div>\n\t\t\t\t<div class=\"elementor-element elementor-element-2f16f0d elementor-widget-divider--view-line elementor-widget elementor-widget-divider\" data-id=\"2f16f0d\" data-element_type=\"widget\" data-widget_type=\"divider.default\">\n\t\t\t\t<div class=\"elementor-widget-container\">\n\t\t\t\t\t\t\t<div class=\"elementor-divider\">\n\t\t\t<span class=\"elementor-divider-separator\">\n\t\t\t\t\t\t<\/span>\n\t\t<\/div>\n\t\t\t\t\t\t<\/div>\n\t\t\t\t<\/div>\n\t\t\t\t<div class=\"elementor-element elementor-element-45ced60 elementor-position-left show-icon-line-gradient-color-yes elementor-view-default elementor-mobile-position-top elementor-vertical-align-top elementor-widget elementor-widget-icon-box\" data-id=\"45ced60\" data-element_type=\"widget\" data-widget_type=\"icon-box.default\">\n\t\t\t\t<div class=\"elementor-widget-container\">\n\t\t\t\t\t    \t\t<div class=\"elementor-icon-box-wrapper\">\n    \t\t\t    \t\t\t<div class=\"elementor-icon-box-icon\">\n    \t\t\t\t<a class=\"elementor-icon elementor-animation-grow\" href=\"tel:+33%206%2064%2080%2080%2087\">\n    \t\t\t\t<i aria-hidden=\"true\" class=\"neotech-icon- neotech-icon-headset\"><\/i>\n\n\n\n    \t\t\t\t<\/a>\n\n    \t\t\t<\/div>\n    \t\t\t    \t\t\t<div class=\"elementor-icon-box-content\">\n    \t\t\t\t<h3 class=\"elementor-icon-box-title\">\n    \t\t\t\t\t<a href=\"tel:+33%206%2064%2080%2080%2087\" >\n    \t\t\t\t\t\tSupport    \t\t\t\t\t<\/a>\n    \t\t\t\t<\/h3>\n    \t\t\t\t    \t\t\t\t\t<p class=\"elementor-icon-box-description\">\n    \t\t\t\t\t\t+33 6 64 80 80 87    \t\t\t\t\t<\/p>\n    \t\t\t\t    \t\t\t<\/div>\n\n    \t\t<\/div>\n    \t\t\t\t\t\t<\/div>\n\t\t\t\t<\/div>\n\t\t\t\t<div class=\"elementor-element elementor-element-da2797a elementor-widget-divider--view-line elementor-widget elementor-widget-divider\" data-id=\"da2797a\" data-element_type=\"widget\" data-widget_type=\"divider.default\">\n\t\t\t\t<div class=\"elementor-widget-container\">\n\t\t\t\t\t\t\t<div class=\"elementor-divider\">\n\t\t\t<span class=\"elementor-divider-separator\">\n\t\t\t\t\t\t<\/span>\n\t\t<\/div>\n\t\t\t\t\t\t<\/div>\n\t\t\t\t<\/div>\n\t\t\t\t<div class=\"elementor-element elementor-element-35f192f elementor-position-left show-icon-line-gradient-color-yes elementor-view-default elementor-mobile-position-top elementor-vertical-align-top elementor-widget elementor-widget-icon-box\" data-id=\"35f192f\" data-element_type=\"widget\" data-widget_type=\"icon-box.default\">\n\t\t\t\t<div class=\"elementor-widget-container\">\n\t\t\t\t\t    \t\t<div class=\"elementor-icon-box-wrapper\">\n    \t\t\t    \t\t\t<div class=\"elementor-icon-box-icon\">\n    \t\t\t\t<a class=\"elementor-icon elementor-animation-grow\" href=\"mailto:contact@aduku.fr\">\n    \t\t\t\t<i aria-hidden=\"true\" class=\"neotech-icon- neotech-icon-send\"><\/i>\n\n\n\n    \t\t\t\t<\/a>\n\n    \t\t\t<\/div>\n    \t\t\t    \t\t\t<div class=\"elementor-icon-box-content\">\n    \t\t\t\t<h3 class=\"elementor-icon-box-title\">\n    \t\t\t\t\t<a href=\"mailto:contact@aduku.fr\" >\n    \t\t\t\t\t\tWrite to Us    \t\t\t\t\t<\/a>\n    \t\t\t\t<\/h3>\n    \t\t\t\t    \t\t\t\t\t<p class=\"elementor-icon-box-description\">\n    \t\t\t\t\t\tcontact@aduku.fr    \t\t\t\t\t<\/p>\n    \t\t\t\t    \t\t\t<\/div>\n\n    \t\t<\/div>\n    \t\t\t\t\t\t<\/div>\n\t\t\t\t<\/div>\n\t\t\t\t<\/div>\n\t\t<div class=\"elementor-element elementor-element-1ab244e e-con-full e-flex e-con e-child\" data-id=\"1ab244e\" data-element_type=\"container\" data-settings=\"{&quot;background_background&quot;:&quot;classic&quot;}\">\n\t\t\t\t<div class=\"elementor-element elementor-element-dba6e70 elementor-widget elementor-widget-heading\" data-id=\"dba6e70\" data-element_type=\"widget\" data-widget_type=\"heading.default\">\n\t\t\t\t<div class=\"elementor-widget-container\">\n\t\t\t\t\t<h4 class=\"elementor-heading-title elementor-size-default\">Ready to Get Started?<\/h4>\t\t\t\t<\/div>\n\t\t\t\t<\/div>\n\t\t\t\t<div class=\"elementor-element elementor-element-e464a8c elementor-widget elementor-widget-text-editor\" data-id=\"e464a8c\" data-element_type=\"widget\" data-widget_type=\"text-editor.default\">\n\t\t\t\t<div class=\"elementor-widget-container\">\n\t\t\t\t\t\t\t\t\t<p>Your email address will not be published. Required fields are marked with *<em data-start=\"135\" data-end=\"139\">.<\/em><\/p>\t\t\t\t\t\t\t\t<\/div>\n\t\t\t\t<\/div>\n\t\t\t\t<div class=\"elementor-element elementor-element-2ac747d elementor-widget elementor-widget-neotech-contactform\" data-id=\"2ac747d\" data-element_type=\"widget\" data-widget_type=\"neotech-contactform.default\">\n\t\t\t\t<div class=\"elementor-widget-container\">\n\t\t\t\t\t\n<div class=\"wpcf7 no-js\" id=\"wpcf7-f1559-o1\" lang=\"en-US\" dir=\"ltr\" data-wpcf7-id=\"1559\">\n<div class=\"screen-reader-response\"><p role=\"status\" aria-live=\"polite\" aria-atomic=\"true\"><\/p> <ul><\/ul><\/div>\n<form action=\"\/en\/wp-json\/wp\/v2\/pages\/85#wpcf7-f1559-o1\" method=\"post\" class=\"wpcf7-form init\" aria-label=\"Contact form\" novalidate=\"novalidate\" data-status=\"init\" data-trp-original-action=\"\/en\/wp-json\/wp\/v2\/pages\/85#wpcf7-f1559-o1\">\n<fieldset class=\"hidden-fields-container\"><input type=\"hidden\" name=\"_wpcf7\" value=\"1559\" \/><input type=\"hidden\" name=\"_wpcf7_version\" value=\"6.1\" \/><input type=\"hidden\" name=\"_wpcf7_locale\" value=\"en_US\" \/><input type=\"hidden\" name=\"_wpcf7_unit_tag\" value=\"wpcf7-f1559-o1\" \/><input type=\"hidden\" name=\"_wpcf7_container_post\" value=\"0\" \/><input type=\"hidden\" name=\"_wpcf7_posted_data_hash\" value=\"\" \/><input type=\"hidden\" name=\"_wpcf7_recaptcha_response\" value=\"\" \/>\n<\/fieldset>\n<div class=\"form-1\">\n\t<div class=\"row row-form-1\">\n\t\t<div class=\"column-tablet-6 column-12\">\n\t\t\t<p><span class=\"wpcf7-form-control-wrap\" data-name=\"your-name\"><input size=\"40\" maxlength=\"400\" class=\"wpcf7-form-control wpcf7-text wpcf7-validates-as-required\" id=\"form-name-2\" aria-required=\"true\" aria-invalid=\"false\" placeholder=\"First Name*\" value=\"\" type=\"text\" name=\"your-name\" \/><\/span>\n\t\t\t<\/p>\n\t\t<\/div>\n\t\t<div class=\"column-tablet-6 column-12\">\n\t\t\t<p><span class=\"wpcf7-form-control-wrap\" data-name=\"your-name\"><input size=\"40\" maxlength=\"400\" class=\"wpcf7-form-control wpcf7-text\" aria-invalid=\"false\" placeholder=\"Last Name\" value=\"\" type=\"text\" name=\"your-name\" \/><\/span>\n\t\t\t<\/p>\n\t\t<\/div>\n\t\t<div class=\"column-tablet-6 column-12 tel-input\">\n\t\t\t<p><div class=\"dswcf7_country_sel\">\r\n\t\t<span class=\"wpcf7-form-control-wrap\" data-name=\"your-phone\">\r\n\t\t\t<input id=\"\" type=\"text\" name=\"your-phone\"  class=\"wpcf7-form-control wpcf7-telephone_input telephone_input_class\" enable_dropdown=\"1\">\r\n\t\t<\/span>\r\n    <\/div>\n\t\t\t<\/p>\n\t\t<\/div>\n\t\t<div class=\"column-tablet-6 column-12\">\n\t\t\t<p><span class=\"wpcf7-form-control-wrap\" data-name=\"your-email\"><input size=\"40\" maxlength=\"400\" class=\"wpcf7-form-control wpcf7-email wpcf7-validates-as-required wpcf7-text wpcf7-validates-as-email\" id=\"form-email-2\" aria-required=\"true\" aria-invalid=\"false\" placeholder=\"Your Email*\" value=\"\" type=\"email\" name=\"your-email\" \/><\/span>\n\t\t\t<\/p>\n\t\t<\/div>\n\t\t<div class=\"column-12\">\n\t\t\t<p><span class=\"wpcf7-form-control-wrap\" data-name=\"your-message\"><textarea cols=\"40\" rows=\"4\" maxlength=\"2000\" class=\"wpcf7-form-control wpcf7-textarea wpcf7-validates-as-required\" aria-required=\"true\" aria-invalid=\"false\" placeholder=\"How can we meet your needs?\" name=\"your-message\"><\/textarea><\/span>\n\t\t\t<\/p>\n\t\t<\/div>\n\t<\/div>\n\t<div class=\"wpcf7-button has-spinner\">\n\t\t<p><button type=\"submit\" value=\"Submit\"><span>Submit Your Request <i aria-hidden=\"true\" class=\"neotech-icon-arrow-right\"><\/i><\/span><\/button>\n\t\t<\/p>\n\t<\/div>\n<\/div><p style=\"display: none !important;\" class=\"akismet-fields-container\" data-prefix=\"_wpcf7_ak_\"><label>&#916;<textarea name=\"_wpcf7_ak_hp_textarea\" cols=\"45\" rows=\"8\" maxlength=\"100\"><\/textarea><\/label><input type=\"hidden\" id=\"ak_js_1\" name=\"_wpcf7_ak_js\" value=\"14\"\/><script>document.getElementById( \"ak_js_1\" ).setAttribute( \"value\", ( new Date() ).getTime() );<\/script><\/p><div class=\"wpcf7-response-output\" aria-hidden=\"true\"><\/div>\n<input type=\"hidden\" name=\"trp-form-language\" value=\"en\"\/><\/form>\n<\/div>\n\t\t\t\t<\/div>\n\t\t\t\t<\/div>\n\t\t\t\t<\/div>\n\t\t\t\t<div class=\"elementor-element elementor-element-5af7375 elementor-absolute elementor-widget elementor-widget-image\" data-id=\"5af7375\" data-element_type=\"widget\" data-settings=\"{&quot;_position&quot;:&quot;absolute&quot;}\" data-widget_type=\"image.default\">\n\t\t\t\t<div class=\"elementor-widget-container\">\n\t\t\t\t\t\t\t\t\t\t\t\t\t\t\t<img fetchpriority=\"high\" decoding=\"async\" width=\"672\" height=\"264\" src=\"https:\/\/aduku.fr\/wp-content\/uploads\/2024\/10\/apporin-bg.png\" class=\"attachment-full size-full wp-image-774\" alt=\"\" srcset=\"https:\/\/aduku.fr\/wp-content\/uploads\/2024\/10\/apporin-bg.png 672w, https:\/\/aduku.fr\/wp-content\/uploads\/2024\/10\/apporin-bg-300x118.png 300w, https:\/\/aduku.fr\/wp-content\/uploads\/2024\/10\/apporin-bg-600x236.png 600w\" sizes=\"(max-width: 672px) 100vw, 672px\" \/>\t\t\t\t\t\t\t\t\t\t\t\t\t\t\t<\/div>\n\t\t\t\t<\/div>\n\t\t\t\t\t<\/div>\n\t\t\t\t<\/div>\n\t\t<div class=\"elementor-element elementor-element-5a06a80 e-con-full e-flex e-con e-parent\" data-id=\"5a06a80\" data-element_type=\"container\">\n\t\t\t\t<div class=\"elementor-element elementor-element-3603443 elementor-widget elementor-widget-google_maps\" data-id=\"3603443\" data-element_type=\"widget\" data-widget_type=\"google_maps.default\">\n\t\t\t\t<div class=\"elementor-widget-container\">\n\t\t\t\t\t\t\t<div class=\"elementor-custom-embed\">\n\t\t\t<iframe loading=\"lazy\"\n\t\t\t\t\tsrc=\"https:\/\/maps.google.com\/maps?q=31%20Cr%20des%20Juilliottes%2C%2094700%20Maisons-Alfort%2C%20France&#038;t=m&#038;z=14&#038;output=embed&#038;iwloc=near\"\n\t\t\t\t\ttitle=\"31 Cr des Juilliottes, 94700 Maisons-Alfort, France\"\n\t\t\t\t\taria-label=\"31 Cr des Juilliottes, 94700 Maisons-Alfort, France\"\n\t\t\t><\/iframe>\n\t\t<\/div>\n\t\t\t\t\t\t<\/div>\n\t\t\t\t<\/div>\n\t\t\t\t<\/div>\n\t\t\t\t<\/div>","protected":false},"excerpt":{"rendered":"<p>Cr\u00e9ons des exp\u00e9riences num\u00e9riques performantes Entrons en contact ! \u00a0Explorez nos services personnalis\u00e9s con\u00e7us pour offrir une exp\u00e9rience num\u00e9rique moderne et s\u00e9curis\u00e9e. Localisation 31 Cours des Juilliottes, 94700 Maisons-Alfort, France Support +33 6 64 80 80 87 Ecrivez-nous contact@aduku.fr Pr\u00eat \u00e0 d\u00e9marrer ? Votre adresse e-mail ne sera pas publi\u00e9e. Les champs obligatoires sont indiqu\u00e9s [&hellip;]<\/p>","protected":false},"author":1,"featured_media":0,"parent":0,"menu_order":0,"comment_status":"closed","ping_status":"closed","template":"","meta":{"_monsterinsights_skip_tracking":false,"_monsterinsights_sitenote_active":false,"_monsterinsights_sitenote_note":"","_monsterinsights_sitenote_category":0,"footnotes":""},"class_list":["post-85","page","type-page","status-publish","hentry"],"_links":{"self":[{"href":"https:\/\/www.aduku.fr\/en\/wp-json\/wp\/v2\/pages\/85"}],"collection":[{"href":"https:\/\/www.aduku.fr\/en\/wp-json\/wp\/v2\/pages"}],"about":[{"href":"https:\/\/www.aduku.fr\/en\/wp-json\/wp\/v2\/types\/page"}],"author":[{"embeddable":true,"href":"https:\/\/www.aduku.fr\/en\/wp-json\/wp\/v2\/users\/1"}],"replies":[{"embeddable":true,"href":"https:\/\/www.aduku.fr\/en\/wp-json\/wp\/v2\/comments?post=85"}],"version-history":[{"count":17,"href":"https:\/\/www.aduku.fr\/en\/wp-json\/wp\/v2\/pages\/85\/revisions"}],"predecessor-version":[{"id":5757,"href":"https:\/\/www.aduku.fr\/en\/wp-json\/wp\/v2\/pages\/85\/revisions\/5757"}],"wp:attachment":[{"href":"https:\/\/www.aduku.fr\/en\/wp-json\/wp\/v2\/media?parent=85"}],"curies":[{"name":"wp","href":"https:\/\/api.w.org\/{rel}","templated":true}]}}