{"id":598,"date":"2024-10-17T03:29:45","date_gmt":"2024-10-17T03:29:45","guid":{"rendered":"http:\/\/dev.aduku.fr\/?page_id=598"},"modified":"2025-07-28T21:01:39","modified_gmt":"2025-07-28T21:01:39","slug":"portfolio","status":"publish","type":"page","link":"https:\/\/www.aduku.fr\/fr\/portfolio\/","title":{"rendered":"Portfolio"},"content":{"rendered":"\t\t<div data-elementor-type=\"wp-page\" data-elementor-id=\"598\" class=\"elementor elementor-598\">\n\t\t\t\t<div class=\"elementor-element elementor-element-4fe693b e-flex e-con-boxed e-con e-parent\" data-id=\"4fe693b\" data-element_type=\"container\">\n\t\t\t\t\t<div class=\"e-con-inner\">\n\t\t \t\t<div class=\"elementor-element elementor-element-1f67fb7 elementor-grid-3 elementor-grid-tablet-2 elementor-grid-mobile-1 elementor-portfolio-style-1 elementor-widget elementor-widget-neotech-portfolio\" data-id=\"1f67fb7\" data-element_type=\"widget\" data-settings=\"{&quot;column&quot;:&quot;3&quot;,&quot;column_tablet&quot;:&quot;2&quot;,&quot;column_mobile&quot;:&quot;1&quot;,&quot;column_spacing&quot;:{&quot;unit&quot;:&quot;px&quot;,&quot;size&quot;:30,&quot;sizes&quot;:[]},&quot;column_spacing_laptop&quot;:{&quot;unit&quot;:&quot;px&quot;,&quot;size&quot;:&quot;&quot;,&quot;sizes&quot;:[]},&quot;column_spacing_tablet_extra&quot;:{&quot;unit&quot;:&quot;px&quot;,&quot;size&quot;:&quot;&quot;,&quot;sizes&quot;:[]},&quot;column_spacing_tablet&quot;:{&quot;unit&quot;:&quot;px&quot;,&quot;size&quot;:&quot;&quot;,&quot;sizes&quot;:[]},&quot;column_spacing_mobile_extra&quot;:{&quot;unit&quot;:&quot;px&quot;,&quot;size&quot;:&quot;&quot;,&quot;sizes&quot;:[]},&quot;column_spacing_mobile&quot;:{&quot;unit&quot;:&quot;px&quot;,&quot;size&quot;:&quot;&quot;,&quot;sizes&quot;:[]}}\" data-widget_type=\"neotech-portfolio.default\">\n\t\t\t\t<div class=\"elementor-widget-container\">\n\t\t\t\t\t<div class=\"neotech-portfolio columns-3  elementor-portfolio elementor-portfolio-style1\">\n<div class=\"neotech-con\">\n    <ul class=\"neotech-portfolio elementor-grid\">\n\n<li class=\"portfolio portfolio-style-1\">\n    <div class=\"portfolio-block\">\n        <div class=\"portfolio-transition\">\n            <figure class=\"portfolio-image\">\n                <a href=\"https:\/\/www.aduku.fr\/fr\/portfolio\/design-graphique\/identite-visuelle-et-branding-pour-des-clients-locaux-et-internationaux\/\" title=\"Identit\u00e9 visuelle et branding\">\n                    <img decoding=\"async\" src=\"https:\/\/www.aduku.fr\/wp-content\/uploads\/2024\/10\/port-folio-724x1024.jpg\" class=\"portfolio_thumbnail\" alt=\"Identit\u00e9 visuelle et branding\">\n                <\/a>\n                            <\/figure>\n        <\/div>\n        <div class=\"portfolio-caption\">\n            <div class=\"portfolio-caption-inner\">\n                                    <div class=\"portfolio-subtitle\">Design Graphique<\/div>\n                                        <h3 class=\"portfolio-loop-title\">\n                        <a href=\"https:\/\/www.aduku.fr\/fr\/portfolio\/design-graphique\/identite-visuelle-et-branding-pour-des-clients-locaux-et-internationaux\/\">Identit\u00e9 visuelle et branding<\/a>\n                    <\/h3>\n                                <\/div>\n        <\/div>\n    <\/div>\n<\/li>\n<li class=\"portfolio portfolio-style-1\">\n    <div class=\"portfolio-block\">\n        <div class=\"portfolio-transition\">\n            <figure class=\"portfolio-image\">\n                <a href=\"https:\/\/www.aduku.fr\/fr\/portfolio\/developpement-web\/plateforme-de-gestion-immobiliere\/\" title=\"Plateforme de gestion immobili\u00e8re\">\n                    <img decoding=\"async\" src=\"https:\/\/www.aduku.fr\/wp-content\/uploads\/2024\/10\/myhome-1024x872.png\" class=\"portfolio_thumbnail\" alt=\"Plateforme de gestion immobili\u00e8re\">\n                <\/a>\n                            <\/figure>\n        <\/div>\n        <div class=\"portfolio-caption\">\n            <div class=\"portfolio-caption-inner\">\n                                    <div class=\"portfolio-subtitle\">D\u00e9veloppement web<\/div>\n                                        <h3 class=\"portfolio-loop-title\">\n                        <a href=\"https:\/\/www.aduku.fr\/fr\/portfolio\/developpement-web\/plateforme-de-gestion-immobiliere\/\">Plateforme de gestion immobili\u00e8re<\/a>\n                    <\/h3>\n                                <\/div>\n        <\/div>\n    <\/div>\n<\/li>\n<li class=\"portfolio portfolio-style-1\">\n    <div class=\"portfolio-block\">\n        <div class=\"portfolio-transition\">\n            <figure class=\"portfolio-image\">\n                <a href=\"https:\/\/www.aduku.fr\/fr\/portfolio\/ingenierie-de-donnees\/pipelines-elt-evolutifs\/\" title=\"Pipelines ELT \u00e9volutifs\">\n                    <img decoding=\"async\" src=\"https:\/\/www.aduku.fr\/wp-content\/uploads\/2024\/10\/Snow-flake-1024x418.webp\" class=\"portfolio_thumbnail\" alt=\"Pipelines ELT \u00e9volutifs\">\n                <\/a>\n                            <\/figure>\n        <\/div>\n        <div class=\"portfolio-caption\">\n            <div class=\"portfolio-caption-inner\">\n                                    <div class=\"portfolio-subtitle\">Ing\u00e9nierie de donn\u00e9es<\/div>\n                                        <h3 class=\"portfolio-loop-title\">\n                        <a href=\"https:\/\/www.aduku.fr\/fr\/portfolio\/ingenierie-de-donnees\/pipelines-elt-evolutifs\/\">Pipelines ELT \u00e9volutifs<\/a>\n                    <\/h3>\n                                <\/div>\n        <\/div>\n    <\/div>\n<\/li>\n<li class=\"portfolio portfolio-style-1\">\n    <div class=\"portfolio-block\">\n        <div class=\"portfolio-transition\">\n            <figure class=\"portfolio-image\">\n                <a href=\"https:\/\/www.aduku.fr\/fr\/portfolio\/ingenierie-de-donnees\/europol-infrastructure-de-logs-temps-reel\/\" title=\"Europol \u2013 Infrastructure de Logs Temps R\u00e9el\">\n                    <img decoding=\"async\" src=\"https:\/\/www.aduku.fr\/wp-content\/uploads\/2025\/06\/infrastructure-logs.png\" class=\"portfolio_thumbnail\" alt=\"Europol \u2013 Infrastructure de Logs Temps R\u00e9el\">\n                <\/a>\n                            <\/figure>\n        <\/div>\n        <div class=\"portfolio-caption\">\n            <div class=\"portfolio-caption-inner\">\n                                    <div class=\"portfolio-subtitle\">Ing\u00e9nierie de donn\u00e9es<\/div>\n                                        <h3 class=\"portfolio-loop-title\">\n                        <a href=\"https:\/\/www.aduku.fr\/fr\/portfolio\/ingenierie-de-donnees\/europol-infrastructure-de-logs-temps-reel\/\">Europol \u2013 Infrastructure de Logs Temps R\u00e9el<\/a>\n                    <\/h3>\n                                <\/div>\n        <\/div>\n    <\/div>\n<\/li>\n<li class=\"portfolio portfolio-style-1\">\n    <div class=\"portfolio-block\">\n        <div class=\"portfolio-transition\">\n            <figure class=\"portfolio-image\">\n                <a href=\"https:\/\/www.aduku.fr\/fr\/portfolio\/ingenierie-de-donnees\/advizeo-developpement-dune-plateforme-iot-energie\/\" title=\"Advizeo \u2013 D\u00e9veloppement d&rsquo;une Plateforme IoT &#038; \u00c9nergie\">\n                    <img decoding=\"async\" src=\"https:\/\/www.aduku.fr\/wp-content\/uploads\/2025\/06\/plateforme-iot.webp\" class=\"portfolio_thumbnail\" alt=\"Advizeo \u2013 D\u00e9veloppement d&rsquo;une Plateforme IoT &#038; \u00c9nergie\">\n                <\/a>\n                            <\/figure>\n        <\/div>\n        <div class=\"portfolio-caption\">\n            <div class=\"portfolio-caption-inner\">\n                                    <div class=\"portfolio-subtitle\">Ing\u00e9nierie de donn\u00e9es<\/div>\n                                        <h3 class=\"portfolio-loop-title\">\n                        <a href=\"https:\/\/www.aduku.fr\/fr\/portfolio\/ingenierie-de-donnees\/advizeo-developpement-dune-plateforme-iot-energie\/\">Advizeo \u2013 D\u00e9veloppement d&rsquo;une Plateforme IoT &#038; \u00c9nergie<\/a>\n                    <\/h3>\n                                <\/div>\n        <\/div>\n    <\/div>\n<\/li>\n<li class=\"portfolio portfolio-style-1\">\n    <div class=\"portfolio-block\">\n        <div class=\"portfolio-transition\">\n            <figure class=\"portfolio-image\">\n                <a href=\"https:\/\/www.aduku.fr\/fr\/portfolio\/ingenierie-de-donnees\/the-creative-club-integration-donnees-marketing-erp\/\" title=\"The Creative Club \u2013 Int\u00e9gration Donn\u00e9es Marketing &#038; ERP\">\n                    <img decoding=\"async\" src=\"https:\/\/www.aduku.fr\/wp-content\/uploads\/2025\/06\/erp-representation.jpg\" class=\"portfolio_thumbnail\" alt=\"The Creative Club \u2013 Int\u00e9gration Donn\u00e9es Marketing &#038; ERP\">\n                <\/a>\n                            <\/figure>\n        <\/div>\n        <div class=\"portfolio-caption\">\n            <div class=\"portfolio-caption-inner\">\n                                    <div class=\"portfolio-subtitle\">Ing\u00e9nierie de donn\u00e9es<\/div>\n                                        <h3 class=\"portfolio-loop-title\">\n                        <a href=\"https:\/\/www.aduku.fr\/fr\/portfolio\/ingenierie-de-donnees\/the-creative-club-integration-donnees-marketing-erp\/\">The Creative Club \u2013 Int\u00e9gration Donn\u00e9es Marketing &#038; ERP<\/a>\n                    <\/h3>\n                                <\/div>\n        <\/div>\n    <\/div>\n<\/li>\n    <\/ul>\n<\/div><nav class=\"portfolio-pagination pagination\">\n\t<ul class='page-numbers'>\n\t<li><span aria-current=\"page\" class=\"page-numbers current\">1<\/span><\/li>\n\t<li><a class=\"page-numbers\" href=\"\/fr\/wp-json\/wp\/v2\/pages\/598?portfolio-page=2\">2<\/a><\/li>\n\t<li><a class=\"next page-numbers\" href=\"\/fr\/wp-json\/wp\/v2\/pages\/598?portfolio-page=2\"><span>Next<i class=\"neotech-icon-arrow-right\"><\/i><\/span><\/a><\/li>\n<\/ul>\n<\/nav>\n<\/div>\t\t\t\t<\/div>\n\t\t\t\t<\/div>\n\t\t\t\t\t<\/div>\n\t\t\t\t<\/div>\n\t\t\t\t<\/div>\n\t\t","protected":false},"excerpt":{"rendered":"<p>Design Graphique Identit\u00e9 visuelle et branding D\u00e9veloppement web Plateforme de gestion immobili\u00e8re Ing\u00e9nierie de donn\u00e9es Pipelines ELT \u00e9volutifs Ing\u00e9nierie de donn\u00e9es Europol \u2013 Infrastructure de Logs Temps R\u00e9el Ing\u00e9nierie de donn\u00e9es Advizeo \u2013 D\u00e9veloppement d&#8217;une Plateforme IoT &#038; \u00c9nergie Ing\u00e9nierie de donn\u00e9es The Creative Club \u2013 Int\u00e9gration Donn\u00e9es Marketing &#038; ERP 1 2 Next<\/p>\n","protected":false},"author":1,"featured_media":0,"parent":0,"menu_order":0,"comment_status":"closed","ping_status":"closed","template":"","meta":{"_monsterinsights_skip_tracking":false,"_monsterinsights_sitenote_active":false,"_monsterinsights_sitenote_note":"","_monsterinsights_sitenote_category":0,"footnotes":""},"class_list":["post-598","page","type-page","status-publish","hentry"],"_links":{"self":[{"href":"https:\/\/www.aduku.fr\/fr\/wp-json\/wp\/v2\/pages\/598"}],"collection":[{"href":"https:\/\/www.aduku.fr\/fr\/wp-json\/wp\/v2\/pages"}],"about":[{"href":"https:\/\/www.aduku.fr\/fr\/wp-json\/wp\/v2\/types\/page"}],"author":[{"embeddable":true,"href":"https:\/\/www.aduku.fr\/fr\/wp-json\/wp\/v2\/users\/1"}],"replies":[{"embeddable":true,"href":"https:\/\/www.aduku.fr\/fr\/wp-json\/wp\/v2\/comments?post=598"}],"version-history":[{"count":3,"href":"https:\/\/www.aduku.fr\/fr\/wp-json\/wp\/v2\/pages\/598\/revisions"}],"predecessor-version":[{"id":5793,"href":"https:\/\/www.aduku.fr\/fr\/wp-json\/wp\/v2\/pages\/598\/revisions\/5793"}],"wp:attachment":[{"href":"https:\/\/www.aduku.fr\/fr\/wp-json\/wp\/v2\/media?parent=598"}],"curies":[{"name":"wp","href":"https:\/\/api.w.org\/{rel}","templated":true}]}}